{"id":835,"date":"2014-03-18T10:02:39","date_gmt":"2014-03-18T13:02:39","guid":{"rendered":"http:\/\/the7.dream-demo.com\/business\/?page_id=5"},"modified":"2025-07-07T09:31:30","modified_gmt":"2025-07-07T12:31:30","slug":"cadastro","status":"publish","type":"page","link":"https:\/\/www.ateliecomvoce.com.br\/?page_id=835","title":{"rendered":"Seja uma Consultora"},"content":{"rendered":"\t\t<div data-elementor-type=\"wp-page\" data-elementor-id=\"835\" class=\"elementor elementor-835\" data-elementor-settings=\"{&quot;ha_cmc_init_switcher&quot;:&quot;no&quot;}\">\n\t\t\t\t\t\t<section class=\"elementor-section elementor-top-section elementor-element elementor-element-6a2b4941 elementor-section-boxed elementor-section-height-default elementor-section-height-default\" data-id=\"6a2b4941\" data-element_type=\"section\" data-e-type=\"section\" data-settings=\"{&quot;_ha_eqh_enable&quot;:false}\">\n\t\t\t\t\t\t<div class=\"elementor-container elementor-column-gap-default\">\n\t\t\t\t\t<div class=\"elementor-column elementor-col-100 elementor-top-column elementor-element elementor-element-5525150d\" data-id=\"5525150d\" data-element_type=\"column\" data-e-type=\"column\">\n\t\t\t<div class=\"elementor-widget-wrap elementor-element-populated\">\n\t\t\t\t\t\t<div class=\"elementor-element elementor-element-d137585 elementor-widget elementor-widget-text-editor\" data-id=\"d137585\" data-element_type=\"widget\" data-e-type=\"widget\" data-widget_type=\"text-editor.default\">\n\t\t\t\t<div class=\"elementor-widget-container\">\n\t\t\t\t\t\t\t\t\t<h4 style=\"text-align: left;\"><span style=\"color: #1063b0;\">O que \u00e9 ser uma\u00a0Consultora Ateli\u00ea com Voc\u00ea?<\/span><\/h4><p>Projeto idealizado com muito carinho pelo apresentador Dotan Mayo e tem como objetivo atrav\u00e9s das Consultoras Independentes de Vendas comercializar os pacotes de viagens com artesanato a todas as pessoas de sua regi\u00e3o, cidade, bairro, clube, associa\u00e7\u00e3o e amigos, al\u00e9m de prospectar clientes novos que gostem de experi\u00eancias \u00fanicas: Viagem com Arte Terapia.<\/p><p><span style=\"color: #808080;\">A consultora pode ser uma profissional liberal, aposentada, funcion\u00e1ria p\u00fablica, dona de casa e principalmente que amam o Artesanato.<\/span><\/p><h4><span style=\"color: #1063b0;\">Requisitos<\/span><\/h4><ul><li>Ser apaixonada por artesanato.<\/li><li>Comunicativa.<\/li><li>Adorar conhecer novas pessoas.<\/li><li>Gostar de desafios e novidades.<\/li><li>Ter uma grande rede de relacionamento em sua regi\u00e3o.<\/li><\/ul><h4><span style=\"color: #1063b0;\">Benef\u00edcios<\/span><\/h4><p style=\"text-align: center;\"><span style=\"font-size: 12pt;\">Ganhar dinheiro com um produto\u00a0exclusivo.<\/span><\/p><p style=\"text-align: center;\">Voc\u00ea faz o seu hor\u00e1rio.<\/p><p style=\"text-align: center;\">Vantagens e descontos em viagens e eventos Ateli\u00ea na TV.<\/p><p style=\"text-align: center;\">O prazer de negociar Artesanato com viagens.<\/p><p style=\"text-align: center;\">Um neg\u00f3cio s\u00f3 seu.<\/p><p style=\"text-align: center;\">Oportunidades e Premia\u00e7\u00f5es.<\/p>\t\t\t\t\t\t\t\t<\/div>\n\t\t\t\t<\/div>\n\t\t\t\t\t<\/div>\n\t\t<\/div>\n\t\t\t\t\t<\/div>\n\t\t<\/section>\n\t\t\t\t<\/div>\n\t\t","protected":false},"excerpt":{"rendered":"<p>O que \u00e9 ser uma\u00a0Consultora Ateli\u00ea com Voc\u00ea? Projeto idealizado com muito carinho pelo apresentador Dotan Mayo e tem como objetivo atrav\u00e9s das Consultoras Independentes de Vendas comercializar os pacotes de viagens com artesanato a todas as pessoas de sua regi\u00e3o, cidade, bairro, clube, associa\u00e7\u00e3o e amigos, al\u00e9m de prospectar clientes novos que gostem de [&#8230;]\n","protected":false},"author":10,"featured_media":0,"parent":0,"menu_order":400,"comment_status":"closed","ping_status":"closed","template":"","meta":{"om_disable_all_campaigns":false,"_monsterinsights_skip_tracking":false,"_monsterinsights_sitenote_active":false,"_monsterinsights_sitenote_note":"","_monsterinsights_sitenote_category":0,"footnotes":""},"categories":[],"tags":[],"class_list":["post-835","page","type-page","status-publish","hentry"],"amp_enabled":true,"_links":{"self":[{"href":"https:\/\/www.ateliecomvoce.com.br\/index.php?rest_route=\/wp\/v2\/pages\/835","targetHints":{"allow":["GET"]}}],"collection":[{"href":"https:\/\/www.ateliecomvoce.com.br\/index.php?rest_route=\/wp\/v2\/pages"}],"about":[{"href":"https:\/\/www.ateliecomvoce.com.br\/index.php?rest_route=\/wp\/v2\/types\/page"}],"author":[{"embeddable":true,"href":"https:\/\/www.ateliecomvoce.com.br\/index.php?rest_route=\/wp\/v2\/users\/10"}],"replies":[{"embeddable":true,"href":"https:\/\/www.ateliecomvoce.com.br\/index.php?rest_route=%2Fwp%2Fv2%2Fcomments&post=835"}],"version-history":[{"count":22,"href":"https:\/\/www.ateliecomvoce.com.br\/index.php?rest_route=\/wp\/v2\/pages\/835\/revisions"}],"predecessor-version":[{"id":36828,"href":"https:\/\/www.ateliecomvoce.com.br\/index.php?rest_route=\/wp\/v2\/pages\/835\/revisions\/36828"}],"wp:attachment":[{"href":"https:\/\/www.ateliecomvoce.com.br\/index.php?rest_route=%2Fwp%2Fv2%2Fmedia&parent=835"}],"wp:term":[{"taxonomy":"category","embeddable":true,"href":"https:\/\/www.ateliecomvoce.com.br\/index.php?rest_route=%2Fwp%2Fv2%2Fcategories&post=835"},{"taxonomy":"post_tag","embeddable":true,"href":"https:\/\/www.ateliecomvoce.com.br\/index.php?rest_route=%2Fwp%2Fv2%2Ftags&post=835"}],"curies":[{"name":"wp","href":"https:\/\/api.w.org\/{rel}","templated":true}]}}