{"id":280,"date":"2014-03-18T18:24:10","date_gmt":"2014-03-18T18:24:10","guid":{"rendered":"http:\/\/the7.dream-demo.com\/business\/?page_id=280"},"modified":"2022-02-25T13:53:47","modified_gmt":"2022-02-25T16:53:47","slug":"duvidas","status":"publish","type":"page","link":"https:\/\/www.ateliecomvoce.com.br\/?page_id=280","title":{"rendered":"D\u00favidas"},"content":{"rendered":"\n[vc_row][vc_column width=&#8221;2\/3&#8243;][vc_tabs interval=&#8221;0&#8243;][vc_tab title=&#8221;D\u00favidas Comuns&#8221; tab_id=&#8221;1382603893562-2-10&#8243;][vc_accordion active_tab=&#8221;false&#8221; collapsible=&#8221;yes&#8221;][vc_accordion_tab title=&#8221;Os pacotes d\u00e3o direito a quantos cursos?&#8221;][vc_column_text]Cada pacote inclui um n\u00famero diferente de cursos. Cada festival\/caravana tem sua programa\u00e7\u00e3o individual. Confirma nas paginas dos eventos.[\/vc_column_text][\/vc_accordion_tab][vc_accordion_tab title=&#8221;O material dos cursos esta incluso? &#8220;][vc_column_text]Sim, todos os materiais necess\u00e1rios para a confec\u00e7\u00e3o da pe\u00e7as nos cursos est\u00e3o inclusos nos pacotes. Apenas os materiais de apoio (como tesouras, r\u00e9guas, cortadores, pinceis&#8230;) n\u00e3o poder\u00e3o ser retirados das salas de aula, pois ser\u00e3o utilizados por todos os grupos participantes do curso. Contudo, caso prefira levar algum material pr\u00f3prio como tesoura, r\u00e9gua, tecido para usar durante as aulas, fique \u00e0 vontade, por\u00e9m \u00e9 importante que identifique-o para n\u00e3o ser confundido com o material do evento.[\/vc_column_text][\/vc_accordion_tab][vc_accordion_tab title=&#8221;A que horas ser\u00e3o as entradas nos hot\u00e9is?&#8221;][vc_column_text]cada Hotel tem seu hor\u00e1rio diferenciado para check in. Confirme na programa\u00e7\u00e3o de cada evento.[\/vc_column_text][\/vc_accordion_tab][vc_accordion_tab title=&#8221;Haver\u00e1 transporte para ida e volta aos hot\u00e9is dos Festivais? &#8220;][vc_column_text]Sim. Teremos \u00f4nibus inclu\u00eddos nos pacotes saindo de S\u00e3o Paulo (Barra Funda e Rod. Tiet\u00ea), Campinas, Aeroportos: Viracopos, Congonhas e Guarulhos.[\/vc_column_text][\/vc_accordion_tab][vc_accordion_tab title=&#8221;Haver\u00e1 transporte para ida e volta aos hot\u00e9is de hospedagem das Caravanas? &#8220;][vc_column_text]Sim. Teremos \u00f4nibus inclu\u00eddos nos pacotes saindo de alguns locais de ponto de encontro. Verifique as paginas das Caravanas.[\/vc_column_text][\/vc_accordion_tab][vc_accordion_tab title=&#8221;As minhas amigas podem ficar no meu quarto? Como fa\u00e7o? &#8220;][vc_column_text]Sim, basta informar \u00e0 nossa consultora o nome da sua amiga no momento da inscri\u00e7\u00e3o.[\/vc_column_text][\/vc_accordion_tab][vc_accordion_tab title=&#8221;Posso levar meu esposo (a) e\/ou acompanhante ao evento? &#8220;][vc_column_text]Sim, verifique condi\u00e7\u00f5es na pagina PACOTES de cada evento as condi\u00e7\u00f5es e valores.[\/vc_column_text][\/vc_accordion_tab][vc_accordion_tab title=&#8221;Crian\u00e7as poder\u00e3o ir ao evento? &#8220;][vc_column_text]Crian\u00e7as a partir de 12 anos ser\u00e3o consideradas adulto e poder\u00e3o ir e participar do evento devidamente acompanhado pelo respons\u00e1vel, pagando o mesmo valor do pacote normal.[\/vc_column_text][\/vc_accordion_tab][vc_accordion_tab title=&#8221;Crian\u00e7as menores de 12 anos podem ir? &#8220;][vc_column_text]Sim, crian\u00e7as abaixo de 12 anos poder\u00e3o ir devidamente acompanhadas do respons\u00e1vel ao hotel. Favor consultar pre\u00e7os e condi\u00e7\u00f5es em Pacotes. Mas a nossa sugest\u00e3o, para o melhor aproveitamento do evento, \u00e9 que se programem com anteced\u00eancia para irem sem os pequenos.[\/vc_column_text][\/vc_accordion_tab][\/vc_accordion][vc_accordion active_tab=&#8221;false&#8221; collapsible=&#8221;yes&#8221;][vc_accordion_tab title=&#8221;Posso levar meu cachorro? &#8220;][vc_column_text]Pedimos n\u00e3o levar nenhum animal dom\u00e9stico, ser\u00e3o proibidos nos eventos.[\/vc_column_text][\/vc_accordion_tab][vc_accordion_tab title=&#8221;O Dotan estar\u00e1 mesmo nesse evento?&#8221;][vc_column_text]Sim, ele estar\u00e1 presente no evento.[\/vc_column_text][\/vc_accordion_tab][vc_accordion_tab title=&#8221;Vou poder sair e visitar a cidade do festival\/caravana durante a viagem?&#8221;][vc_column_text]Sim, voc\u00ea poder\u00e1 sair, por\u00e9m n\u00e3o teremos monitoramento que possa te acompanhar para fora do hotel, caso n\u00e3o esteja na programa\u00e7\u00e3o.[\/vc_column_text][\/vc_accordion_tab][vc_accordion_tab title=&#8221;Quais s\u00e3o as formas de pagamento?&#8221;][vc_column_text]O pagamento poder\u00e1 ser feito das seguintes formas: \u00e0 vista com dep\u00f3sito em Conta Corrente; parcelado em at\u00e9 8 vezes no cart\u00e3o de cr\u00e9dito (Visa, Mastercard e Dinners), ou no boleto banc\u00e1rio (verificar condi\u00e7\u00f5es).[\/vc_column_text][\/vc_accordion_tab][vc_accordion_tab title=&#8221;Fazendo dep\u00f3sito em conta corrente terei desconto? &#8220;][vc_column_text]De forma geral n\u00e3o, os valores s\u00e3o fixos.[\/vc_column_text][\/vc_accordion_tab][vc_accordion_tab title=&#8221;Indo ao Hotel com meu pr\u00f3prio carro, o pre\u00e7o ser\u00e1 o mesmo? &#8220;][vc_column_text]Sim o pre\u00e7o \u00e9 o mesmo indo com nosso \u00f4nibus ou com o seu pr\u00f3prio carro, ou outro transporte.[\/vc_column_text][\/vc_accordion_tab][vc_accordion_tab title=&#8221;A pens\u00e3o \u00e9 completa. Bebidas est\u00e3o inclusas? &#8220;][vc_column_text]A pens\u00e3o completa \u00e9 v\u00e1lida somente para festivais. Caravanas e viagens internacionais n\u00e3o possuem pens\u00e3o completa. As bebidas consumidas nos hot\u00e9is <strong>n\u00e3o<\/strong> est\u00e3o inclusas nos pacotes e dever\u00e3o ser pagas no pr\u00f3prio hotel.[\/vc_column_text][\/vc_accordion_tab][vc_accordion_tab title=&#8221;Caso eu pague o evento e desista antes do mesmo acontecer o que ocorre com meu dinheiro? &#8220;][vc_column_text]Verificar no Regulamento a pol\u00edtica de cancelamento.[\/vc_column_text][\/vc_accordion_tab][vc_accordion_tab title=&#8221;Se eu esquecer ou deixar de pagar um boleto banc\u00e1rio, minha inscri\u00e7\u00e3o ainda estar\u00e1 garantida?&#8221;][vc_column_text]Caso notificarmos o n\u00e3o recebimento do valor referente \u00e0s inscri\u00e7\u00f5es para o evento, iremos considerar sua inscri\u00e7\u00e3o automaticamente cancelada.[\/vc_column_text][\/vc_accordion_tab][vc_accordion_tab title=&#8221;Tem algum pre\u00e7o especial para quem n\u00e3o quiser se hospedar nos hot\u00e9is dos festivais\/ caravanas?&#8221;][vc_column_text]Sim, teremos pre\u00e7os especiais de pacotes que n\u00e3o incluem hospedagem e podem ou n\u00e3o incluir as alimenta\u00e7\u00f5es. Verificar os valores e condi\u00e7\u00f5es em Pacotes.[\/vc_column_text][\/vc_accordion_tab][vc_accordion_tab title=&#8221;Posso alterar meu ponto de encontro ou cursos ap\u00f3s o momento da inscri\u00e7\u00e3o?&#8221;][vc_column_text]Sim, poder\u00e3o ser feitas altera\u00e7\u00f5es na escolha do Ponto de Encontro e Cursos at\u00e9 determinada data (verificar no Regulamento de cada evento). Caso a altera\u00e7\u00e3o ultrapasse a data permitida, ser\u00e1 cobrada uma taxa.[\/vc_column_text][\/vc_accordion_tab][\/vc_accordion][\/vc_tab][vc_tab title=&#8221;Enviar uma pergunta&#8221; tab_id=&#8221;1382604100452-5-8&#8243;][vc_column_text]N\u00e3o encontrou sua d\u00favida?<\/p>\n<p>Envie para n\u00f3s e nossa equipe ir\u00e1 responder assim que poss\u00edvel.<\/p>\n[contact-form-7 id=&#8221;7&#8243; title=&#8221;Formul\u00e1rio de contato 1&#8243;][\/vc_column_text][vc_empty_space height=&#8221;24px&#8221;][\/vc_tab][\/vc_tabs][\/vc_column][vc_column width=&#8221;1\/3&#8243;][vc_single_image image=&#8221;14858&#8243; img_size=&#8221;full&#8221; css=&#8221;.vc_custom_1479410778406{margin-top: 10px !important;margin-bottom: 10px !important;}&#8221;][vc_single_image image=&#8221;14859&#8243; img_size=&#8221;full&#8221; css=&#8221;.vc_custom_1479410788496{margin-top: 10px !important;margin-bottom: 10px !important;}&#8221;][vc_single_image image=&#8221;14860&#8243; img_size=&#8221;full&#8221;][\/vc_column][\/vc_row][vc_row][vc_column css=&#8221;.vc_custom_1479411135353{margin-bottom: 50px !important;}&#8221;][\/vc_column][\/vc_row][vc_row][vc_column width=&#8221;2\/3&#8243;][vc_column_text]\n<h3><strong>Contato<\/strong><\/h3>\n<p><strong>Voc\u00ea ainda tem alguma d\u00favida? Envie para nossa equipe e lhe responderemos em breve!<\/strong><\/p>\n<p>\u00a0<\/p>\n[contact-form-7 id=&#8221;7&#8243; title=&#8221;Formul\u00e1rio de contato 1&#8243;][\/vc_column_text][\/vc_column][vc_column width=&#8221;1\/3&#8243;][vc_single_image image=&#8221;14842&#8243; img_size=&#8221;full&#8221;][\/vc_column][\/vc_row]\n\n","protected":false},"excerpt":{"rendered":"[vc_row][vc_column width=&#8221;2\/3&#8243;][vc_tabs interval=&#8221;0&#8243;][vc_tab title=&#8221;D\u00favidas Comuns&#8221; tab_id=&#8221;1382603893562-2-10&#8243;][vc_accordion active_tab=&#8221;false&#8221; collapsible=&#8221;yes&#8221;][vc_accordion_tab title=&#8221;Os pacotes d\u00e3o direito a quantos cursos?&#8221;][vc_column_text]Cada pacote inclui um n\u00famero diferente de cursos. Cada festival\/caravana tem sua programa\u00e7\u00e3o individual. Confirma nas paginas dos eventos.[\/vc_column_text][\/vc_accordion_tab][vc_accordion_tab title=&#8221;O material dos cursos esta incluso? &#8220;][vc_column_text]Sim, todos os materiais necess\u00e1rios para a confec\u00e7\u00e3o da pe\u00e7as nos cursos est\u00e3o inclusos nos pacotes. [&#8230;]\n","protected":false},"author":10,"featured_media":0,"parent":0,"menu_order":550,"comment_status":"closed","ping_status":"closed","template":"","meta":{"om_disable_all_campaigns":false,"_monsterinsights_skip_tracking":false,"_monsterinsights_sitenote_active":false,"_monsterinsights_sitenote_note":"","_monsterinsights_sitenote_category":0,"footnotes":""},"categories":[],"tags":[],"class_list":["post-280","page","type-page","status-publish","hentry"],"amp_enabled":true,"_links":{"self":[{"href":"https:\/\/www.ateliecomvoce.com.br\/index.php?rest_route=\/wp\/v2\/pages\/280","targetHints":{"allow":["GET"]}}],"collection":[{"href":"https:\/\/www.ateliecomvoce.com.br\/index.php?rest_route=\/wp\/v2\/pages"}],"about":[{"href":"https:\/\/www.ateliecomvoce.com.br\/index.php?rest_route=\/wp\/v2\/types\/page"}],"author":[{"embeddable":true,"href":"https:\/\/www.ateliecomvoce.com.br\/index.php?rest_route=\/wp\/v2\/users\/10"}],"replies":[{"embeddable":true,"href":"https:\/\/www.ateliecomvoce.com.br\/index.php?rest_route=%2Fwp%2Fv2%2Fcomments&post=280"}],"version-history":[{"count":22,"href":"https:\/\/www.ateliecomvoce.com.br\/index.php?rest_route=\/wp\/v2\/pages\/280\/revisions"}],"predecessor-version":[{"id":24953,"href":"https:\/\/www.ateliecomvoce.com.br\/index.php?rest_route=\/wp\/v2\/pages\/280\/revisions\/24953"}],"wp:attachment":[{"href":"https:\/\/www.ateliecomvoce.com.br\/index.php?rest_route=%2Fwp%2Fv2%2Fmedia&parent=280"}],"wp:term":[{"taxonomy":"category","embeddable":true,"href":"https:\/\/www.ateliecomvoce.com.br\/index.php?rest_route=%2Fwp%2Fv2%2Fcategories&post=280"},{"taxonomy":"post_tag","embeddable":true,"href":"https:\/\/www.ateliecomvoce.com.br\/index.php?rest_route=%2Fwp%2Fv2%2Ftags&post=280"}],"curies":[{"name":"wp","href":"https:\/\/api.w.org\/{rel}","templated":true}]}}